{"id":74,"date":"2023-12-05T11:20:26","date_gmt":"2023-12-05T11:20:26","guid":{"rendered":"https:\/\/conteudofacil.com.br\/barao\/?post_type=product&#038;p=74"},"modified":"2023-12-05T11:20:27","modified_gmt":"2023-12-05T11:20:27","slug":"puxador-inox-304-polido-h-redondo-100x80cm-diametro-32mm","status":"publish","type":"product","link":"https:\/\/conteudofacil.com.br\/barao\/produto\/puxador-inox-304-polido-h-redondo-100x80cm-diametro-32mm\/","title":{"rendered":"Puxador Inox 304 Polido H Redondo 100x80cm Di\u00e2metro 32mm"},"content":{"rendered":"<p>Puxador Inox 304 Polido H redondo 100x80cm Duplo Di\u00e2metro 32mm<\/p>\n<p>O Puxador H Inox \u00e9 ideal para aplica\u00e7\u00e3o nas portas em madeira, vidro, alum\u00ednio e port\u00f5es em geral. \u00c9 produzido em a\u00e7o inox polido, que d\u00e1 aquele toque de classe e luxo aos mais diversos modelos de portas. \u00c9 um produto com lindo design, e funcional, que traz durabilidade e beleza para seu espa\u00e7o, sendo resistente a \u00e1gua e luz solar, vers\u00e1til combinando com qualquer decora\u00e7\u00e3o.<\/p>\n<p>Dados T\u00e9cnicos:<br \/>\n&#8211; Puxador composto por 2 lados, dentro e fora (Macho e F\u00eamea)<br \/>\n&#8211; Acabamento inox polido<br \/>\n&#8211; F\u00e1cil instala\u00e7\u00e3o<br \/>\n&#8211; Acompanha chave allen<br \/>\n&#8211; Espessura do puxador (di\u00e2metro) 32mm (3,2cm)<br \/>\n&#8211; Comprimento total: 1000mm (1,00mt)<br \/>\n&#8211; Dist\u00e2ncia entre furos: 800mm (80cm)<br \/>\n&#8211; Fabricado em A\u00c7O INOX 304<br \/>\n&#8211; Indicado para portas de vidro, madeira ou outros materiais<br \/>\n&#8211; Melhor acabamento do mercado<br \/>\n&#8211; Indicado para at\u00e9 5cm de espessura<\/p>\n<p>Pode ser usado em: Port\u00f5es em a\u00e7o, alum\u00ednio e madeira; Portas pivotantes de madeira; Portas de vidro temperado; Portas comuns de madeira; Esquadrias de alum\u00ednio; Esquadrias de a\u00e7o.<\/p>\n<p>Dicas de conserva\u00e7\u00e3o: Sugerimos que a limpeza seja realizada com uma frequ\u00eancia semanal e apenas com pano \u00famido; Para uma limpeza mais pesada o recomendado \u00e9 o mesmo pano \u00famido por\u00e9m com um pouco de detergente neutro, depois passe novamente o pano \u00famido para remo\u00e7\u00e3o total do detergente; NUNCA use qualquer produto pesado para limpeza de metais diferente do indicado, mesmo em casos extremos.<\/p>\n<p>Conte\u00fado da embalagem: 1 Puxador Inox, 2 Parafusos 1 Chave Allen.<\/p>\n<p>* Verificar se todos os puxadores est\u00e3o com o parafuso de madeira na sua embalagem*<\/p>\n<p>* Imagens meramente ilustrativas *<br \/>\nAgradecemos sua visita. Estamos \u00e0 disposi\u00e7\u00e3o!<\/p>\n","protected":false},"excerpt":{"rendered":"<p>Puxador Inox 304 Polido H redondo 100x80cm Duplo Di\u00e2metro 32mm O Puxador H Inox \u00e9 ideal para aplica\u00e7\u00e3o nas portas em madeira, vidro, alum\u00ednio e port\u00f5es em geral. \u00c9 produzido em a\u00e7o inox polido, que d\u00e1 aquele toque de classe e luxo aos mais diversos modelos de portas. \u00c9 um produto com lindo design, e [&hellip;]<\/p>\n","protected":false},"featured_media":75,"comment_status":"open","ping_status":"closed","template":"","meta":{"_joinchat":[]},"product_brand":[],"product_cat":[17,18],"product_tag":[],"class_list":{"0":"post-74","1":"product","2":"type-product","3":"status-publish","4":"has-post-thumbnail","6":"product_cat-produtos","7":"product_cat-puxador-inox","9":"first","10":"instock","11":"sale","12":"shipping-taxable","13":"purchasable","14":"product-type-simple"},"_links":{"self":[{"href":"https:\/\/conteudofacil.com.br\/barao\/wp-json\/wp\/v2\/product\/74","targetHints":{"allow":["GET"]}}],"collection":[{"href":"https:\/\/conteudofacil.com.br\/barao\/wp-json\/wp\/v2\/product"}],"about":[{"href":"https:\/\/conteudofacil.com.br\/barao\/wp-json\/wp\/v2\/types\/product"}],"replies":[{"embeddable":true,"href":"https:\/\/conteudofacil.com.br\/barao\/wp-json\/wp\/v2\/comments?post=74"}],"wp:featuredmedia":[{"embeddable":true,"href":"https:\/\/conteudofacil.com.br\/barao\/wp-json\/wp\/v2\/media\/75"}],"wp:attachment":[{"href":"https:\/\/conteudofacil.com.br\/barao\/wp-json\/wp\/v2\/media?parent=74"}],"wp:term":[{"taxonomy":"product_brand","embeddable":true,"href":"https:\/\/conteudofacil.com.br\/barao\/wp-json\/wp\/v2\/product_brand?post=74"},{"taxonomy":"product_cat","embeddable":true,"href":"https:\/\/conteudofacil.com.br\/barao\/wp-json\/wp\/v2\/product_cat?post=74"},{"taxonomy":"product_tag","embeddable":true,"href":"https:\/\/conteudofacil.com.br\/barao\/wp-json\/wp\/v2\/product_tag?post=74"}],"curies":[{"name":"wp","href":"https:\/\/api.w.org\/{rel}","templated":true}]}}