{"id":79,"date":"2023-12-05T11:39:10","date_gmt":"2023-12-05T11:39:10","guid":{"rendered":"https:\/\/conteudofacil.com.br\/barao\/?post_type=product&#038;p=79"},"modified":"2023-12-05T11:44:48","modified_gmt":"2023-12-05T11:44:48","slug":"puxador-em-o-ponto-redondo-100-aco-inox-304-10x3-16","status":"publish","type":"product","link":"https:\/\/conteudofacil.com.br\/barao\/produto\/puxador-em-o-ponto-redondo-100-aco-inox-304-10x3-16\/","title":{"rendered":"Puxador em \u00d3 Ponto Redondo 100% A\u00e7o Inox 304 &#8211; 10X3\/16"},"content":{"rendered":"<p>Puxador em \u00d3 Ponto Redondo 100% A\u00e7o Inox 304 &#8211; 10X3\/16<\/p>\n<p>Puxador O PONTO REDONDO &#8211; 100% A\u00c7O INOX 304 &#8211; POLIDO para Portas de Vidro\/Madeira\/Alum\u00ednio &#8211;<\/p>\n<p>APLICA\u00c7\u00c3O- Em portas de VIDRO \/ MADEIRA \/ ALUM\u00cdNIO com espessura de 0,6cm at\u00e9 7cm.<\/p>\n<p>ACOMPANHA O PRODUTO-<\/p>\n<p>4 Parafusos INOX 304 sem cabe\u00e7a<\/p>\n<p>\u2013 6&#215;8- 2 Arruelas INOX 304<\/p>\n<p>&#8211; 2 Porcas INOX 304<\/p>\n<p>OUTRAS INFORMA\u00c7\u00d5ES-<\/p>\n<p>Barra roscada M6 INOX com REGULAGEM para ADEQUAR a ESPESSURA NECESS\u00c1RIA da PORTA.<\/p>\n<p>&#8211; O produto e composto lado INTERNO e EXTERNO &#8211; DUPLO.- Polimento que REAL\u00c7A O BRILHO do A\u00c7O INOX 304.INSTALA\u00c7\u00c3O-<\/p>\n<p>Sistema DESENVOLVIDO para EVITAR que ocorra o AFROUXAMENTO do puxador.<\/p>\n<p>* Imagens meramente ilustrativas *<br \/>\nAgradecemos sua visita. Estamos \u00e0 disposi\u00e7\u00e3o!<\/p>\n<p>Bar\u00e3o Distribuidora<br \/>\nVidro, Alum\u00ednio e Acess\u00f3rios<\/p>\n<p>Instagram: @baraodistribuidorarj<br \/>\nFanpage: Bar\u00e3o Distribuidora Rj<br \/>\nWhatsapp <span class=\"\">21 96460-9220<\/span><\/p>\n","protected":false},"excerpt":{"rendered":"<p>Puxador em \u00d3 Ponto Redondo 100% A\u00e7o Inox 304 &#8211; 10X3\/16 Puxador O PONTO REDONDO &#8211; 100% A\u00c7O INOX 304 &#8211; POLIDO para Portas de Vidro\/Madeira\/Alum\u00ednio &#8211; APLICA\u00c7\u00c3O- Em portas de VIDRO \/ MADEIRA \/ ALUM\u00cdNIO com espessura de 0,6cm at\u00e9 7cm. ACOMPANHA O PRODUTO- 4 Parafusos INOX 304 sem cabe\u00e7a \u2013 6&#215;8- 2 Arruelas [&hellip;]<\/p>\n","protected":false},"featured_media":80,"comment_status":"open","ping_status":"closed","template":"","meta":{"_joinchat":[]},"product_brand":[],"product_cat":[17,18],"product_tag":[],"class_list":{"0":"post-79","1":"product","2":"type-product","3":"status-publish","4":"has-post-thumbnail","6":"product_cat-produtos","7":"product_cat-puxador-inox","9":"first","10":"instock","11":"sale","12":"shipping-taxable","13":"purchasable","14":"product-type-simple"},"_links":{"self":[{"href":"https:\/\/conteudofacil.com.br\/barao\/wp-json\/wp\/v2\/product\/79","targetHints":{"allow":["GET"]}}],"collection":[{"href":"https:\/\/conteudofacil.com.br\/barao\/wp-json\/wp\/v2\/product"}],"about":[{"href":"https:\/\/conteudofacil.com.br\/barao\/wp-json\/wp\/v2\/types\/product"}],"replies":[{"embeddable":true,"href":"https:\/\/conteudofacil.com.br\/barao\/wp-json\/wp\/v2\/comments?post=79"}],"wp:featuredmedia":[{"embeddable":true,"href":"https:\/\/conteudofacil.com.br\/barao\/wp-json\/wp\/v2\/media\/80"}],"wp:attachment":[{"href":"https:\/\/conteudofacil.com.br\/barao\/wp-json\/wp\/v2\/media?parent=79"}],"wp:term":[{"taxonomy":"product_brand","embeddable":true,"href":"https:\/\/conteudofacil.com.br\/barao\/wp-json\/wp\/v2\/product_brand?post=79"},{"taxonomy":"product_cat","embeddable":true,"href":"https:\/\/conteudofacil.com.br\/barao\/wp-json\/wp\/v2\/product_cat?post=79"},{"taxonomy":"product_tag","embeddable":true,"href":"https:\/\/conteudofacil.com.br\/barao\/wp-json\/wp\/v2\/product_tag?post=79"}],"curies":[{"name":"wp","href":"https:\/\/api.w.org\/{rel}","templated":true}]}}