{"id":22,"date":"2023-11-23T22:07:15","date_gmt":"2023-11-23T22:07:15","guid":{"rendered":"https:\/\/conteudofacil.com.br\/portfolio\/?page_id=22"},"modified":"2023-11-24T23:41:30","modified_gmt":"2023-11-24T23:41:30","slug":"home","status":"publish","type":"page","link":"https:\/\/conteudofacil.com.br\/portfolio\/","title":{"rendered":"Home"},"content":{"rendered":"\t\t<div data-elementor-type=\"wp-page\" data-elementor-id=\"22\" class=\"elementor elementor-22\">\n\t\t\t\t<div class=\"elementor-element elementor-element-08027ca e-con-full elementor-hidden-tablet elementor-hidden-mobile e-flex e-con e-parent\" data-id=\"08027ca\" data-element_type=\"container\" data-settings=\"{&quot;background_background&quot;:&quot;classic&quot;}\">\n\t\t\t\t<div class=\"elementor-element elementor-element-6069adb elementor-widget__width-initial elementor-widget elementor-widget-video\" data-id=\"6069adb\" data-element_type=\"widget\" data-settings=\"{&quot;video_type&quot;:&quot;hosted&quot;,&quot;start&quot;:0,&quot;autoplay&quot;:&quot;yes&quot;,&quot;loop&quot;:&quot;yes&quot;,&quot;controls&quot;:&quot;yes&quot;}\" data-widget_type=\"video.default\">\n\t\t\t\t<div class=\"elementor-widget-container\">\n\t\t\t\t\t\t\t<div class=\"e-hosted-video elementor-wrapper elementor-open-inline\">\n\t\t\t\t\t<video class=\"elementor-video\" src=\"https:\/\/conteudofacil.com.br\/portfolio\/wp-content\/uploads\/2023\/11\/VD-COM-AUDIO.mp4\" autoplay=\"\" loop=\"\" controls=\"\"><\/video>\n\t\t\t\t<\/div>\n\t\t\t\t\t\t<\/div>\n\t\t\t\t<\/div>\n\t\t\t\t<\/div>\n\t\t<div class=\"elementor-element elementor-element-b828bc3 elementor-hidden-desktop e-flex e-con-boxed e-con e-parent\" data-id=\"b828bc3\" data-element_type=\"container\">\n\t\t\t\t\t<div class=\"e-con-inner\">\n\t\t\t\t<div class=\"elementor-element elementor-element-a841551 elementor-widget elementor-widget-video\" data-id=\"a841551\" data-element_type=\"widget\" data-settings=\"{&quot;video_type&quot;:&quot;hosted&quot;,&quot;autoplay&quot;:&quot;yes&quot;,&quot;play_on_mobile&quot;:&quot;yes&quot;,&quot;loop&quot;:&quot;yes&quot;,&quot;controls&quot;:&quot;yes&quot;}\" data-widget_type=\"video.default\">\n\t\t\t\t<div class=\"elementor-widget-container\">\n\t\t\t\t\t\t\t<div class=\"e-hosted-video elementor-wrapper elementor-open-inline\">\n\t\t\t\t\t<video class=\"elementor-video\" src=\"https:\/\/conteudofacil.com.br\/portfolio\/wp-content\/uploads\/2023\/11\/WhatsApp-Video-2023-11-24-at-20.10.08-1.mp4\" autoplay=\"\" loop=\"\" controls=\"\" playsinline=\"\" controlsList=\"nodownload\"><\/video>\n\t\t\t\t<\/div>\n\t\t\t\t\t\t<\/div>\n\t\t\t\t<\/div>\n\t\t\t\t\t<\/div>\n\t\t\t\t<\/div>\n\t\t<div class=\"elementor-element elementor-element-a6cc6c6 elementor-hidden-desktop e-flex e-con-boxed e-con e-parent\" data-id=\"a6cc6c6\" data-element_type=\"container\">\n\t\t\t\t\t<div class=\"e-con-inner\">\n\t\t\t\t<div class=\"elementor-element elementor-element-b7bfea9 elementor-widget__width-initial elementor-widget elementor-widget-heading\" data-id=\"b7bfea9\" data-element_type=\"widget\" data-widget_type=\"heading.default\">\n\t\t\t\t<div class=\"elementor-widget-container\">\n\t\t\t\t\t<h2 class=\"elementor-heading-title elementor-size-default\">R\u00fastico,<\/h2>\t\t\t\t<\/div>\n\t\t\t\t<\/div>\n\t\t\t\t<div class=\"elementor-element elementor-element-eea7271 elementor-widget__width-initial elementor-widget elementor-widget-heading\" data-id=\"eea7271\" data-element_type=\"widget\" data-widget_type=\"heading.default\">\n\t\t\t\t<div class=\"elementor-widget-container\">\n\t\t\t\t\t<h2 class=\"elementor-heading-title elementor-size-default\">Sofisticado e<\/h2>\t\t\t\t<\/div>\n\t\t\t\t<\/div>\n\t\t\t\t<div class=\"elementor-element elementor-element-c8eee4e elementor-widget elementor-widget-heading\" data-id=\"c8eee4e\" data-element_type=\"widget\" data-widget_type=\"heading.default\">\n\t\t\t\t<div class=\"elementor-widget-container\">\n\t\t\t\t\t<h2 class=\"elementor-heading-title elementor-size-default\">Aconchegante<\/h2>\t\t\t\t<\/div>\n\t\t\t\t<\/div>\n\t\t\t\t<div class=\"elementor-element elementor-element-2afc015 elementor-widget elementor-widget-heading\" data-id=\"2afc015\" data-element_type=\"widget\" data-widget_type=\"heading.default\">\n\t\t\t\t<div class=\"elementor-widget-container\">\n\t\t\t\t\t<h2 class=\"elementor-heading-title elementor-size-default\">N\u00f3s queremos que voc\u00ea se sinta em casa.<\/h2>\t\t\t\t<\/div>\n\t\t\t\t<\/div>\n\t\t\t\t<div class=\"elementor-element elementor-element-1e2b04d elementor-align-center elementor-widget elementor-widget-button\" data-id=\"1e2b04d\" data-element_type=\"widget\" data-widget_type=\"button.default\">\n\t\t\t\t<div class=\"elementor-widget-container\">\n\t\t\t\t\t\t\t\t\t<div class=\"elementor-button-wrapper\">\n\t\t\t\t\t<a class=\"elementor-button elementor-button-link elementor-size-sm elementor-animation-pulse\" href=\"#\">\n\t\t\t\t\t\t<span class=\"elementor-button-content-wrapper\">\n\t\t\t\t\t\t<span class=\"elementor-button-icon\">\n\t\t\t\t<svg aria-hidden=\"true\" class=\"e-font-icon-svg e-far-arrow-alt-circle-right\" viewBox=\"0 0 512 512\" xmlns=\"http:\/\/www.w3.org\/2000\/svg\"><path d=\"M504 256C504 119 393 8 256 8S8 119 8 256s111 248 248 248 248-111 248-248zm-448 0c0-110.5 89.5-200 200-200s200 89.5 200 200-89.5 200-200 200S56 366.5 56 256zm72 20v-40c0-6.6 5.4-12 12-12h116v-67c0-10.7 12.9-16 20.5-8.5l99 99c4.7 4.7 4.7 12.3 0 17l-99 99c-7.6 7.6-20.5 2.2-20.5-8.5v-67H140c-6.6 0-12-5.4-12-12z\"><\/path><\/svg>\t\t\t<\/span>\n\t\t\t\t\t\t\t\t\t<span class=\"elementor-button-text\">Saiba mais<\/span>\n\t\t\t\t\t<\/span>\n\t\t\t\t\t<\/a>\n\t\t\t\t<\/div>\n\t\t\t\t\t\t\t\t<\/div>\n\t\t\t\t<\/div>\n\t\t\t\t\t<\/div>\n\t\t\t\t<\/div>\n\t\t<div class=\"elementor-element elementor-element-4eb104f elementor-hidden-desktop e-flex e-con-boxed e-con e-parent\" data-id=\"4eb104f\" data-element_type=\"container\">\n\t\t\t\t\t<div class=\"e-con-inner\">\n\t\t\t\t<div class=\"elementor-element elementor-element-fb154a5 elementor-widget elementor-widget-image\" data-id=\"fb154a5\" data-element_type=\"widget\" data-widget_type=\"image.default\">\n\t\t\t\t<div class=\"elementor-widget-container\">\n\t\t\t\t\t\t\t\t\t\t\t\t\t\t\t<img fetchpriority=\"high\" decoding=\"async\" width=\"676\" height=\"682\" src=\"https:\/\/conteudofacil.com.br\/portfolio\/wp-content\/uploads\/2023\/11\/WhatsApp-Image-2023-11-24-at-10.53.15.jpeg\" class=\"attachment-large size-large wp-image-191\" alt=\"\" srcset=\"https:\/\/conteudofacil.com.br\/portfolio\/wp-content\/uploads\/2023\/11\/WhatsApp-Image-2023-11-24-at-10.53.15.jpeg 676w, https:\/\/conteudofacil.com.br\/portfolio\/wp-content\/uploads\/2023\/11\/WhatsApp-Image-2023-11-24-at-10.53.15-297x300.jpeg 297w, https:\/\/conteudofacil.com.br\/portfolio\/wp-content\/uploads\/2023\/11\/WhatsApp-Image-2023-11-24-at-10.53.15-150x150.jpeg 150w, https:\/\/conteudofacil.com.br\/portfolio\/wp-content\/uploads\/2023\/11\/WhatsApp-Image-2023-11-24-at-10.53.15-600x605.jpeg 600w, https:\/\/conteudofacil.com.br\/portfolio\/wp-content\/uploads\/2023\/11\/WhatsApp-Image-2023-11-24-at-10.53.15-100x100.jpeg 100w\" sizes=\"(max-width: 676px) 100vw, 676px\" \/>\t\t\t\t\t\t\t\t\t\t\t\t\t\t\t<\/div>\n\t\t\t\t<\/div>\n\t\t\t\t<div class=\"elementor-element elementor-element-4c76425 elementor-widget elementor-widget-text-editor\" data-id=\"4c76425\" data-element_type=\"widget\" data-widget_type=\"text-editor.default\">\n\t\t\t\t<div class=\"elementor-widget-container\">\n\t\t\t\t\t\t\t\t\t<p>A casa Midore realiza eventos incr\u00edveis potencializando os pequenos detalhes que fazem toda a diferen\u00e7a no seu grande dia.<\/p>\t\t\t\t\t\t\t\t<\/div>\n\t\t\t\t<\/div>\n\t\t\t\t\t<\/div>\n\t\t\t\t<\/div>\n\t\t<div class=\"elementor-element elementor-element-998a999 elementor-hidden-tablet elementor-hidden-mobile e-flex e-con-boxed e-con e-parent\" data-id=\"998a999\" data-element_type=\"container\">\n\t\t\t\t\t<div class=\"e-con-inner\">\n\t\t<div class=\"elementor-element elementor-element-1bef918 e-con-full e-flex e-con e-child\" data-id=\"1bef918\" data-element_type=\"container\">\n\t\t\t\t<div class=\"elementor-element elementor-element-115fd46 elementor-widget__width-initial elementor-widget elementor-widget-heading\" data-id=\"115fd46\" data-element_type=\"widget\" data-widget_type=\"heading.default\">\n\t\t\t\t<div class=\"elementor-widget-container\">\n\t\t\t\t\t<h2 class=\"elementor-heading-title elementor-size-default\">R\u00fastico,<\/h2>\t\t\t\t<\/div>\n\t\t\t\t<\/div>\n\t\t\t\t<div class=\"elementor-element elementor-element-f8a04f0 elementor-widget__width-initial elementor-widget elementor-widget-heading\" data-id=\"f8a04f0\" data-element_type=\"widget\" data-widget_type=\"heading.default\">\n\t\t\t\t<div class=\"elementor-widget-container\">\n\t\t\t\t\t<h2 class=\"elementor-heading-title elementor-size-default\">Sofisticado e<\/h2>\t\t\t\t<\/div>\n\t\t\t\t<\/div>\n\t\t\t\t<div class=\"elementor-element elementor-element-553daa9 elementor-widget elementor-widget-heading\" data-id=\"553daa9\" data-element_type=\"widget\" data-widget_type=\"heading.default\">\n\t\t\t\t<div class=\"elementor-widget-container\">\n\t\t\t\t\t<h2 class=\"elementor-heading-title elementor-size-default\">Aconchegante<\/h2>\t\t\t\t<\/div>\n\t\t\t\t<\/div>\n\t\t\t\t<div class=\"elementor-element elementor-element-89302c4 elementor-widget elementor-widget-heading\" data-id=\"89302c4\" data-element_type=\"widget\" data-widget_type=\"heading.default\">\n\t\t\t\t<div class=\"elementor-widget-container\">\n\t\t\t\t\t<h2 class=\"elementor-heading-title elementor-size-default\">N\u00f3s queremos que voc\u00ea se sinta em casa.<\/h2>\t\t\t\t<\/div>\n\t\t\t\t<\/div>\n\t\t\t\t<div class=\"elementor-element elementor-element-d080752 elementor-align-center elementor-widget elementor-widget-button\" data-id=\"d080752\" data-element_type=\"widget\" data-widget_type=\"button.default\">\n\t\t\t\t<div class=\"elementor-widget-container\">\n\t\t\t\t\t\t\t\t\t<div class=\"elementor-button-wrapper\">\n\t\t\t\t\t<a class=\"elementor-button elementor-button-link elementor-size-sm elementor-animation-pulse\" href=\"#\">\n\t\t\t\t\t\t<span class=\"elementor-button-content-wrapper\">\n\t\t\t\t\t\t<span class=\"elementor-button-icon\">\n\t\t\t\t<svg aria-hidden=\"true\" class=\"e-font-icon-svg e-far-arrow-alt-circle-right\" viewBox=\"0 0 512 512\" xmlns=\"http:\/\/www.w3.org\/2000\/svg\"><path d=\"M504 256C504 119 393 8 256 8S8 119 8 256s111 248 248 248 248-111 248-248zm-448 0c0-110.5 89.5-200 200-200s200 89.5 200 200-89.5 200-200 200S56 366.5 56 256zm72 20v-40c0-6.6 5.4-12 12-12h116v-67c0-10.7 12.9-16 20.5-8.5l99 99c4.7 4.7 4.7 12.3 0 17l-99 99c-7.6 7.6-20.5 2.2-20.5-8.5v-67H140c-6.6 0-12-5.4-12-12z\"><\/path><\/svg>\t\t\t<\/span>\n\t\t\t\t\t\t\t\t\t<span class=\"elementor-button-text\">Saiba mais<\/span>\n\t\t\t\t\t<\/span>\n\t\t\t\t\t<\/a>\n\t\t\t\t<\/div>\n\t\t\t\t\t\t\t\t<\/div>\n\t\t\t\t<\/div>\n\t\t\t\t<\/div>\n\t\t<div class=\"elementor-element elementor-element-5bd5f3b e-con-full e-flex e-con e-child\" data-id=\"5bd5f3b\" data-element_type=\"container\">\n\t\t\t\t<div class=\"elementor-element elementor-element-b55796c elementor-widget elementor-widget-image\" data-id=\"b55796c\" data-element_type=\"widget\" data-widget_type=\"image.default\">\n\t\t\t\t<div class=\"elementor-widget-container\">\n\t\t\t\t\t\t\t\t\t\t\t\t\t\t\t<img decoding=\"async\" width=\"600\" height=\"605\" src=\"https:\/\/conteudofacil.com.br\/portfolio\/wp-content\/uploads\/2023\/11\/WhatsApp-Image-2023-11-24-at-10.53.15-600x605.jpeg\" class=\"attachment-kava-thumb-masonry size-kava-thumb-masonry wp-image-191\" alt=\"\" srcset=\"https:\/\/conteudofacil.com.br\/portfolio\/wp-content\/uploads\/2023\/11\/WhatsApp-Image-2023-11-24-at-10.53.15-600x605.jpeg 600w, https:\/\/conteudofacil.com.br\/portfolio\/wp-content\/uploads\/2023\/11\/WhatsApp-Image-2023-11-24-at-10.53.15-297x300.jpeg 297w, https:\/\/conteudofacil.com.br\/portfolio\/wp-content\/uploads\/2023\/11\/WhatsApp-Image-2023-11-24-at-10.53.15-150x150.jpeg 150w, https:\/\/conteudofacil.com.br\/portfolio\/wp-content\/uploads\/2023\/11\/WhatsApp-Image-2023-11-24-at-10.53.15-100x100.jpeg 100w, https:\/\/conteudofacil.com.br\/portfolio\/wp-content\/uploads\/2023\/11\/WhatsApp-Image-2023-11-24-at-10.53.15.jpeg 676w\" sizes=\"(max-width: 600px) 100vw, 600px\" \/>\t\t\t\t\t\t\t\t\t\t\t\t\t\t\t<\/div>\n\t\t\t\t<\/div>\n\t\t\t\t<div class=\"elementor-element elementor-element-1f791ce elementor-widget elementor-widget-text-editor\" data-id=\"1f791ce\" data-element_type=\"widget\" data-widget_type=\"text-editor.default\">\n\t\t\t\t<div class=\"elementor-widget-container\">\n\t\t\t\t\t\t\t\t\t<p>A casa Midore realiza eventos incr\u00edveis potencializando os pequenos detalhes que fazem toda a diferen\u00e7a no seu grande dia.<\/p>\t\t\t\t\t\t\t\t<\/div>\n\t\t\t\t<\/div>\n\t\t\t\t<\/div>\n\t\t\t\t\t<\/div>\n\t\t\t\t<\/div>\n\t\t<div class=\"elementor-element elementor-element-10cef2f e-flex e-con-boxed e-con e-parent\" data-id=\"10cef2f\" data-element_type=\"container\">\n\t\t\t\t\t<div class=\"e-con-inner\">\n\t\t<div class=\"elementor-element elementor-element-f26f706 e-con-full e-flex e-con e-child\" data-id=\"f26f706\" data-element_type=\"container\">\n\t\t\t\t<div class=\"elementor-element elementor-element-04c58af elementor-widget elementor-widget-image\" data-id=\"04c58af\" data-element_type=\"widget\" data-widget_type=\"image.default\">\n\t\t\t\t<div class=\"elementor-widget-container\">\n\t\t\t\t\t\t\t\t\t\t\t\t\t\t\t\t<a href=\"https:\/\/conteudofacil.com.br\/portfolio\/eventos\/\">\n\t\t\t\t\t\t\t<img decoding=\"async\" width=\"655\" height=\"449\" src=\"https:\/\/conteudofacil.com.br\/portfolio\/wp-content\/uploads\/2023\/11\/Casamento.jpeg\" class=\"attachment-1536x1536 size-1536x1536 wp-image-202\" alt=\"\" srcset=\"https:\/\/conteudofacil.com.br\/portfolio\/wp-content\/uploads\/2023\/11\/Casamento.jpeg 655w, https:\/\/conteudofacil.com.br\/portfolio\/wp-content\/uploads\/2023\/11\/Casamento-300x206.jpeg 300w, https:\/\/conteudofacil.com.br\/portfolio\/wp-content\/uploads\/2023\/11\/Casamento-600x411.jpeg 600w\" sizes=\"(max-width: 655px) 100vw, 655px\" \/>\t\t\t\t\t\t\t\t<\/a>\n\t\t\t\t\t\t\t\t\t\t\t\t\t\t\t<\/div>\n\t\t\t\t<\/div>\n\t\t\t\t<div class=\"elementor-element elementor-element-aa542ce elementor-widget elementor-widget-heading\" data-id=\"aa542ce\" data-element_type=\"widget\" data-widget_type=\"heading.default\">\n\t\t\t\t<div class=\"elementor-widget-container\">\n\t\t\t\t\t<h2 class=\"elementor-heading-title elementor-size-default\"><a href=\"https:\/\/conteudofacil.com.br\/portfolio\/eventos\/\">CASAMENTO<\/a><\/h2>\t\t\t\t<\/div>\n\t\t\t\t<\/div>\n\t\t\t\t<\/div>\n\t\t<div class=\"elementor-element elementor-element-4d09595 e-con-full e-flex e-con e-child\" data-id=\"4d09595\" data-element_type=\"container\">\n\t\t\t\t<div class=\"elementor-element elementor-element-415cde2 elementor-widget elementor-widget-image\" data-id=\"415cde2\" data-element_type=\"widget\" data-widget_type=\"image.default\">\n\t\t\t\t<div class=\"elementor-widget-container\">\n\t\t\t\t\t\t\t\t\t\t\t\t\t\t\t\t<a href=\"https:\/\/conteudofacil.com.br\/portfolio\/eventos\/\">\n\t\t\t\t\t\t\t<img loading=\"lazy\" decoding=\"async\" width=\"676\" height=\"432\" src=\"https:\/\/conteudofacil.com.br\/portfolio\/wp-content\/uploads\/2023\/11\/15-anos.jpg\" class=\"attachment-1536x1536 size-1536x1536 wp-image-204\" alt=\"\" srcset=\"https:\/\/conteudofacil.com.br\/portfolio\/wp-content\/uploads\/2023\/11\/15-anos.jpg 676w, https:\/\/conteudofacil.com.br\/portfolio\/wp-content\/uploads\/2023\/11\/15-anos-300x192.jpg 300w, https:\/\/conteudofacil.com.br\/portfolio\/wp-content\/uploads\/2023\/11\/15-anos-600x383.jpg 600w\" sizes=\"(max-width: 676px) 100vw, 676px\" \/>\t\t\t\t\t\t\t\t<\/a>\n\t\t\t\t\t\t\t\t\t\t\t\t\t\t\t<\/div>\n\t\t\t\t<\/div>\n\t\t\t\t<div class=\"elementor-element elementor-element-99aa428 elementor-widget elementor-widget-heading\" data-id=\"99aa428\" data-element_type=\"widget\" data-widget_type=\"heading.default\">\n\t\t\t\t<div class=\"elementor-widget-container\">\n\t\t\t\t\t<h2 class=\"elementor-heading-title elementor-size-default\"><a href=\"https:\/\/conteudofacil.com.br\/portfolio\/eventos\/\">15 ANOS<\/a><\/h2>\t\t\t\t<\/div>\n\t\t\t\t<\/div>\n\t\t\t\t<\/div>\n\t\t<div class=\"elementor-element elementor-element-5840d7d e-con-full e-flex e-con e-child\" data-id=\"5840d7d\" data-element_type=\"container\">\n\t\t\t\t<div class=\"elementor-element elementor-element-05decd7 elementor-widget elementor-widget-image\" data-id=\"05decd7\" data-element_type=\"widget\" data-widget_type=\"image.default\">\n\t\t\t\t<div class=\"elementor-widget-container\">\n\t\t\t\t\t\t\t\t\t\t\t\t\t\t\t\t<a href=\"https:\/\/conteudofacil.com.br\/portfolio\/eventos\/\">\n\t\t\t\t\t\t\t<img loading=\"lazy\" decoding=\"async\" width=\"663\" height=\"457\" src=\"https:\/\/conteudofacil.com.br\/portfolio\/wp-content\/uploads\/2023\/11\/Evento-Social.jpg\" class=\"attachment-1536x1536 size-1536x1536 wp-image-205\" alt=\"\" srcset=\"https:\/\/conteudofacil.com.br\/portfolio\/wp-content\/uploads\/2023\/11\/Evento-Social.jpg 663w, https:\/\/conteudofacil.com.br\/portfolio\/wp-content\/uploads\/2023\/11\/Evento-Social-300x207.jpg 300w, https:\/\/conteudofacil.com.br\/portfolio\/wp-content\/uploads\/2023\/11\/Evento-Social-600x414.jpg 600w\" sizes=\"(max-width: 663px) 100vw, 663px\" \/>\t\t\t\t\t\t\t\t<\/a>\n\t\t\t\t\t\t\t\t\t\t\t\t\t\t\t<\/div>\n\t\t\t\t<\/div>\n\t\t\t\t<div class=\"elementor-element elementor-element-5af7ff3 elementor-widget elementor-widget-heading\" data-id=\"5af7ff3\" data-element_type=\"widget\" data-widget_type=\"heading.default\">\n\t\t\t\t<div class=\"elementor-widget-container\">\n\t\t\t\t\t<h2 class=\"elementor-heading-title elementor-size-default\"><a href=\"https:\/\/conteudofacil.com.br\/portfolio\/eventos\/\">EVENTO SOCIAL<\/a><\/h2>\t\t\t\t<\/div>\n\t\t\t\t<\/div>\n\t\t\t\t<\/div>\n\t\t<div class=\"elementor-element elementor-element-d8ae971 e-con-full e-flex e-con e-child\" data-id=\"d8ae971\" data-element_type=\"container\">\n\t\t\t\t<div class=\"elementor-element elementor-element-cf69340 elementor-widget elementor-widget-image\" data-id=\"cf69340\" data-element_type=\"widget\" data-widget_type=\"image.default\">\n\t\t\t\t<div class=\"elementor-widget-container\">\n\t\t\t\t\t\t\t\t\t\t\t\t\t\t\t\t<a href=\"https:\/\/conteudofacil.com.br\/portfolio\/eventos\/\">\n\t\t\t\t\t\t\t<img loading=\"lazy\" decoding=\"async\" width=\"676\" height=\"677\" src=\"https:\/\/conteudofacil.com.br\/portfolio\/wp-content\/uploads\/2023\/11\/WhatsApp-Image-2023-11-24-at-12.41.18.jpeg\" class=\"attachment-1536x1536 size-1536x1536 wp-image-213\" alt=\"\" srcset=\"https:\/\/conteudofacil.com.br\/portfolio\/wp-content\/uploads\/2023\/11\/WhatsApp-Image-2023-11-24-at-12.41.18.jpeg 676w, https:\/\/conteudofacil.com.br\/portfolio\/wp-content\/uploads\/2023\/11\/WhatsApp-Image-2023-11-24-at-12.41.18-300x300.jpeg 300w, https:\/\/conteudofacil.com.br\/portfolio\/wp-content\/uploads\/2023\/11\/WhatsApp-Image-2023-11-24-at-12.41.18-150x150.jpeg 150w, https:\/\/conteudofacil.com.br\/portfolio\/wp-content\/uploads\/2023\/11\/WhatsApp-Image-2023-11-24-at-12.41.18-230x230.jpeg 230w, https:\/\/conteudofacil.com.br\/portfolio\/wp-content\/uploads\/2023\/11\/WhatsApp-Image-2023-11-24-at-12.41.18-400x400.jpeg 400w, https:\/\/conteudofacil.com.br\/portfolio\/wp-content\/uploads\/2023\/11\/WhatsApp-Image-2023-11-24-at-12.41.18-600x601.jpeg 600w, https:\/\/conteudofacil.com.br\/portfolio\/wp-content\/uploads\/2023\/11\/WhatsApp-Image-2023-11-24-at-12.41.18-640x640.jpeg 640w, https:\/\/conteudofacil.com.br\/portfolio\/wp-content\/uploads\/2023\/11\/WhatsApp-Image-2023-11-24-at-12.41.18-100x100.jpeg 100w\" sizes=\"(max-width: 676px) 100vw, 676px\" \/>\t\t\t\t\t\t\t\t<\/a>\n\t\t\t\t\t\t\t\t\t\t\t\t\t\t\t<\/div>\n\t\t\t\t<\/div>\n\t\t\t\t<div class=\"elementor-element elementor-element-8da0573 elementor-widget elementor-widget-heading\" data-id=\"8da0573\" data-element_type=\"widget\" data-widget_type=\"heading.default\">\n\t\t\t\t<div class=\"elementor-widget-container\">\n\t\t\t\t\t<h2 class=\"elementor-heading-title elementor-size-default\"><a href=\"https:\/\/conteudofacil.com.br\/portfolio\/eventos\/\">DECORA\u00c7\u00c3O<\/a><\/h2>\t\t\t\t<\/div>\n\t\t\t\t<\/div>\n\t\t\t\t<\/div>\n\t\t\t\t\t<\/div>\n\t\t\t\t<\/div>\n\t\t<div class=\"elementor-element elementor-element-fe8749f elementor-hidden-desktop e-flex e-con-boxed e-con e-parent\" data-id=\"fe8749f\" data-element_type=\"container\">\n\t\t\t\t\t<div class=\"e-con-inner\">\n\t\t\t\t<div class=\"elementor-element elementor-element-6c086ce elementor-widget elementor-widget-image\" data-id=\"6c086ce\" data-element_type=\"widget\" data-widget_type=\"image.default\">\n\t\t\t\t<div class=\"elementor-widget-container\">\n\t\t\t\t\t\t\t\t\t\t\t\t\t\t\t<img loading=\"lazy\" decoding=\"async\" width=\"599\" height=\"400\" src=\"https:\/\/conteudofacil.com.br\/portfolio\/wp-content\/uploads\/2023\/11\/logo-midore-png-2.png\" class=\"attachment-large size-large wp-image-75\" alt=\"\" srcset=\"https:\/\/conteudofacil.com.br\/portfolio\/wp-content\/uploads\/2023\/11\/logo-midore-png-2.png 599w, https:\/\/conteudofacil.com.br\/portfolio\/wp-content\/uploads\/2023\/11\/logo-midore-png-2-300x200.png 300w\" sizes=\"(max-width: 599px) 100vw, 599px\" \/>\t\t\t\t\t\t\t\t\t\t\t\t\t\t\t<\/div>\n\t\t\t\t<\/div>\n\t\t\t\t\t<\/div>\n\t\t\t\t<\/div>\n\t\t<div class=\"elementor-element elementor-element-0ce47d8 elementor-hidden-desktop e-flex e-con-boxed e-con e-parent\" data-id=\"0ce47d8\" data-element_type=\"container\">\n\t\t\t\t\t<div class=\"e-con-inner\">\n\t\t\t\t<div class=\"elementor-element elementor-element-fab7532 elementor-widget elementor-widget-image\" data-id=\"fab7532\" data-element_type=\"widget\" data-widget_type=\"image.default\">\n\t\t\t\t<div class=\"elementor-widget-container\">\n\t\t\t\t\t\t\t\t\t\t\t\t\t\t\t<img loading=\"lazy\" decoding=\"async\" width=\"672\" height=\"414\" src=\"https:\/\/conteudofacil.com.br\/portfolio\/wp-content\/uploads\/2023\/11\/WhatsApp-Image-2023-11-24-at-12.44.58.jpeg\" class=\"attachment-large size-large wp-image-218\" alt=\"\" srcset=\"https:\/\/conteudofacil.com.br\/portfolio\/wp-content\/uploads\/2023\/11\/WhatsApp-Image-2023-11-24-at-12.44.58.jpeg 672w, https:\/\/conteudofacil.com.br\/portfolio\/wp-content\/uploads\/2023\/11\/WhatsApp-Image-2023-11-24-at-12.44.58-300x185.jpeg 300w, https:\/\/conteudofacil.com.br\/portfolio\/wp-content\/uploads\/2023\/11\/WhatsApp-Image-2023-11-24-at-12.44.58-600x370.jpeg 600w\" sizes=\"(max-width: 672px) 100vw, 672px\" \/>\t\t\t\t\t\t\t\t\t\t\t\t\t\t\t<\/div>\n\t\t\t\t<\/div>\n\t\t\t\t\t<\/div>\n\t\t\t\t<\/div>\n\t\t<div class=\"elementor-element elementor-element-665e7f8 elementor-hidden-tablet elementor-hidden-mobile e-flex e-con-boxed e-con e-parent\" data-id=\"665e7f8\" data-element_type=\"container\" data-settings=\"{&quot;background_background&quot;:&quot;classic&quot;}\">\n\t\t\t\t\t<div class=\"e-con-inner\">\n\t\t\t\t<div class=\"elementor-element elementor-element-afeab25 elementor-widget__width-inherit elementor-widget elementor-widget-image\" data-id=\"afeab25\" data-element_type=\"widget\" data-widget_type=\"image.default\">\n\t\t\t\t<div class=\"elementor-widget-container\">\n\t\t\t\t\t\t\t\t\t\t\t\t\t\t\t<img loading=\"lazy\" decoding=\"async\" width=\"150\" height=\"85\" src=\"https:\/\/conteudofacil.com.br\/portfolio\/wp-content\/uploads\/2023\/11\/logo-midore-png-3-150x85.png\" class=\"attachment-kava-thumb-s size-kava-thumb-s wp-image-219\" alt=\"\" \/>\t\t\t\t\t\t\t\t\t\t\t\t\t\t\t<\/div>\n\t\t\t\t<\/div>\n\t\t\t\t<div class=\"elementor-element elementor-element-59b4b31 elementor-widget__width-inherit elementor-widget elementor-widget-image\" data-id=\"59b4b31\" data-element_type=\"widget\" data-widget_type=\"image.default\">\n\t\t\t\t<div class=\"elementor-widget-container\">\n\t\t\t\t\t\t\t\t\t\t\t\t\t\t\t<img loading=\"lazy\" decoding=\"async\" width=\"672\" height=\"414\" src=\"https:\/\/conteudofacil.com.br\/portfolio\/wp-content\/uploads\/2023\/11\/WhatsApp-Image-2023-11-24-at-12.44.58.jpeg\" class=\"attachment-large size-large wp-image-218\" alt=\"\" srcset=\"https:\/\/conteudofacil.com.br\/portfolio\/wp-content\/uploads\/2023\/11\/WhatsApp-Image-2023-11-24-at-12.44.58.jpeg 672w, https:\/\/conteudofacil.com.br\/portfolio\/wp-content\/uploads\/2023\/11\/WhatsApp-Image-2023-11-24-at-12.44.58-300x185.jpeg 300w, https:\/\/conteudofacil.com.br\/portfolio\/wp-content\/uploads\/2023\/11\/WhatsApp-Image-2023-11-24-at-12.44.58-600x370.jpeg 600w\" sizes=\"(max-width: 672px) 100vw, 672px\" \/>\t\t\t\t\t\t\t\t\t\t\t\t\t\t\t<\/div>\n\t\t\t\t<\/div>\n\t\t\t\t\t<\/div>\n\t\t\t\t<\/div>\n\t\t\t\t<\/div>\n\t\t","protected":false},"excerpt":{"rendered":"<p>https:\/\/conteudofacil.com.br\/portfolio\/wp-content\/uploads\/2023\/11\/VD-COM-AUDIO.mp4https:\/\/conteudofacil.com.br\/portfolio\/wp-content\/uploads\/2023\/11\/WhatsApp-Video-2023-11-24-at-20.10.08-1.mp4 R\u00fastico, Sofisticado e Aconchegante N\u00f3s queremos que voc\u00ea se sinta em casa. Saiba mais A casa Midore realiza eventos incr\u00edveis potencializando os pequenos detalhes que fazem toda a diferen\u00e7a no seu grande dia. R\u00fastico, Sofisticado e Aconchegante N\u00f3s queremos que voc\u00ea se sinta em casa. Saiba mais A casa Midore realiza eventos incr\u00edveis potencializando [&hellip;]<\/p>\n","protected":false},"author":1,"featured_media":0,"parent":0,"menu_order":0,"comment_status":"closed","ping_status":"closed","template":"elementor_header_footer","meta":{"_joinchat":[],"footnotes":""},"class_list":["post-22","page","type-page","status-publish","hentry"],"_links":{"self":[{"href":"https:\/\/conteudofacil.com.br\/portfolio\/wp-json\/wp\/v2\/pages\/22","targetHints":{"allow":["GET"]}}],"collection":[{"href":"https:\/\/conteudofacil.com.br\/portfolio\/wp-json\/wp\/v2\/pages"}],"about":[{"href":"https:\/\/conteudofacil.com.br\/portfolio\/wp-json\/wp\/v2\/types\/page"}],"author":[{"embeddable":true,"href":"https:\/\/conteudofacil.com.br\/portfolio\/wp-json\/wp\/v2\/users\/1"}],"replies":[{"embeddable":true,"href":"https:\/\/conteudofacil.com.br\/portfolio\/wp-json\/wp\/v2\/comments?post=22"}],"version-history":[{"count":121,"href":"https:\/\/conteudofacil.com.br\/portfolio\/wp-json\/wp\/v2\/pages\/22\/revisions"}],"predecessor-version":[{"id":267,"href":"https:\/\/conteudofacil.com.br\/portfolio\/wp-json\/wp\/v2\/pages\/22\/revisions\/267"}],"wp:attachment":[{"href":"https:\/\/conteudofacil.com.br\/portfolio\/wp-json\/wp\/v2\/media?parent=22"}],"curies":[{"name":"wp","href":"https:\/\/api.w.org\/{rel}","templated":true}]}}